{"id":22,"date":"2015-12-08T21:28:26","date_gmt":"2015-12-08T20:28:26","guid":{"rendered":"http:\/\/fcmainburg.de\/cm\/?page_id=22"},"modified":"2025-08-02T11:09:31","modified_gmt":"2025-08-02T09:09:31","slug":"downloads","status":"publish","type":"page","link":"https:\/\/fcmainburg.de\/cm\/verein\/downloads\/","title":{"rendered":"Downloads"},"content":{"rendered":"<div id='layer_slider_1' class='avia-layerslider main_color avia-shadow  container_wrap fullsize'    style='height: 151px;' ><\/div>\n<div style='padding-bottom:10px;' class='av-special-heading av-special-heading-h2  blockquote modern-quote   '><h2 class='av-special-heading-tag '  itemprop=\"headline\"  >Downloads<\/h2><div class='special-heading-border'><div class='special-heading-inner-border' ><\/div><\/div><\/div>\n<div class=\"flex_column av_two_third  flex_column_div first  \" ><p><div style='padding-bottom:10px;' class='av-special-heading av-special-heading-h3  blockquote modern-quote   '><h3 class='av-special-heading-tag '  itemprop=\"headline\"  >Mitgliedschaft<\/h3><div class='special-heading-border'><div class='special-heading-inner-border' ><\/div><\/div><\/div><br \/>\n<article class=\"iconbox iconbox_left_content    \"  itemscope=\"itemscope\" itemtype=\"https:\/\/schema.org\/CreativeWork\" ><a href='http:\/\/fcmainburg.de\/Files\/Downloads\/Mitgliedsantrag.pdf' title='Mitgliedsantrag'  target=\"_blank\"  class=\"iconbox_icon heading-color \" aria-hidden='true' data-av_icon='\ue850' data-av_iconfont='entypo-fontello'  ><\/a><div class=\"iconbox_content\"><header class=\"entry-content-header\"><h3 class='iconbox_content_title '  itemprop=\"headline\"  ><a href='http:\/\/fcmainburg.de\/Files\/Downloads\/Mitgliedsantrag.pdf' title='Mitgliedsantrag'  target=\"_blank\" >Mitgliedsantrag<\/a><\/h3><\/header><div class='iconbox_content_container  '  itemprop=\"text\"  ><p>Der Mitgliedsantrag zum Ausf\u00fcllen und Ausdrucken<\/p>\n<\/div><\/div><footer class=\"entry-footer\"><\/footer><\/article><br \/>\n<article class=\"iconbox iconbox_left_content    \"  itemscope=\"itemscope\" itemtype=\"https:\/\/schema.org\/CreativeWork\" ><a href='http:\/\/fcmainburg.de\/Files\/Downloads\/25_AufnahmeFussballkindergarten.pdf' title='Mitgliedsantrag Fu\u00dfballkindergarten'  target=\"_blank\"  class=\"iconbox_icon heading-color \" aria-hidden='true' data-av_icon='\ue850' data-av_iconfont='entypo-fontello'  ><\/a><div class=\"iconbox_content\"><header class=\"entry-content-header\"><h3 class='iconbox_content_title '  itemprop=\"headline\"  ><a href='http:\/\/fcmainburg.de\/Files\/Downloads\/25_AufnahmeFussballkindergarten.pdf' title='Mitgliedsantrag Fu\u00dfballkindergarten'  target=\"_blank\" >Mitgliedsantrag Fu\u00dfballkindergarten<\/a><\/h3><\/header><div class='iconbox_content_container  '  itemprop=\"text\"  ><p>Der Mitgliedsantrag zum Ausf\u00fcllen und Ausdrucken<\/p>\n<\/div><\/div><footer class=\"entry-footer\"><\/footer><\/article><br \/>\n<article class=\"iconbox iconbox_left_content    \"  itemscope=\"itemscope\" itemtype=\"https:\/\/schema.org\/CreativeWork\" ><a href='https:\/\/www.bfv.de\/spielbetrieb-verbandsleben\/paesse-und-vereinswechsel\/formulare-der-passabteilung ' title='Passantrag'  target=\"_blank\"  class=\"iconbox_icon heading-color \" aria-hidden='true' data-av_icon='\ue850' data-av_iconfont='entypo-fontello'  ><\/a><div class=\"iconbox_content\"><header class=\"entry-content-header\"><h3 class='iconbox_content_title '  itemprop=\"headline\"  ><a href='https:\/\/www.bfv.de\/spielbetrieb-verbandsleben\/paesse-und-vereinswechsel\/formulare-der-passabteilung ' title='Passantrag'  target=\"_blank\" >Passantrag<\/a><\/h3><\/header><div class='iconbox_content_container  '  itemprop=\"text\"  ><p>N\u00f6tig f\u00fcr die Spielberechtigung des BFV<\/p>\n<\/div><\/div><footer class=\"entry-footer\"><\/footer><\/article><br \/>\n<article class=\"iconbox iconbox_left_content    \"  itemscope=\"itemscope\" itemtype=\"https:\/\/schema.org\/CreativeWork\" ><a href='http:\/\/fcmainburg.de\/Files\/Downloads\/Aenderungsantrag.pdf' title='\u00c4nderungsantrag'  target=\"_blank\"  class=\"iconbox_icon heading-color \" aria-hidden='true' data-av_icon='\ue850' data-av_iconfont='entypo-fontello'  ><\/a><div class=\"iconbox_content\"><header class=\"entry-content-header\"><h3 class='iconbox_content_title '  itemprop=\"headline\"  ><a href='http:\/\/fcmainburg.de\/Files\/Downloads\/Aenderungsantrag.pdf' title='\u00c4nderungsantrag'  target=\"_blank\" >\u00c4nderungsantrag<\/a><\/h3><\/header><div class='iconbox_content_container  '  itemprop=\"text\"  ><p>Der \u00c4nderungsantrag f\u00fcr Mitglieder zum Ausf\u00fcllen und Ausdrucken<\/p>\n<\/div><\/div><footer class=\"entry-footer\"><\/footer><\/article><br \/>\n<div style='padding-bottom:10px;' class='av-special-heading av-special-heading-h3  blockquote modern-quote   '><h3 class='av-special-heading-tag '  itemprop=\"headline\"  >Spielbetrieb<\/h3><div class='special-heading-border'><div class='special-heading-inner-border' ><\/div><\/div><\/div><br \/>\n<article class=\"iconbox iconbox_left_content    \"  itemscope=\"itemscope\" itemtype=\"https:\/\/schema.org\/CreativeWork\" ><div class=\"iconbox_icon heading-color \" aria-hidden='true' data-av_icon='\ue850' data-av_iconfont='entypo-fontello'  ><\/div><div class=\"iconbox_content\"><header class=\"entry-content-header\"><h3 class='iconbox_content_title '  itemprop=\"headline\"  >Trainingsplan<\/h3><\/header><div class='iconbox_content_container  '  itemprop=\"text\"  ><p>Den aktuellen Trainingsplan aller Mannschaften finden Sie auf unserer <a href=\"https:\/\/fcmainburg.de\/cm\/\">Startseite<\/a><\/p>\n<\/div><\/div><footer class=\"entry-footer\"><\/footer><\/article><br \/>\n<div style='padding-bottom:10px;' class='av-special-heading av-special-heading-h3  blockquote modern-quote   '><h3 class='av-special-heading-tag '  itemprop=\"headline\"  >Organisation<\/h3><div class='special-heading-border'><div class='special-heading-inner-border' ><\/div><\/div><\/div><br \/>\n<article class=\"iconbox iconbox_left_content    \"  itemscope=\"itemscope\" itemtype=\"https:\/\/schema.org\/CreativeWork\" ><a href='http:\/\/fcmainburg.de\/Files\/Downloads\/181026_VereinssatzungFCM.pdf' title='Vereinssatzung'  target=\"_blank\"  class=\"iconbox_icon heading-color \" aria-hidden='true' data-av_icon='\ue850' data-av_iconfont='entypo-fontello'  ><\/a><div class=\"iconbox_content\"><header class=\"entry-content-header\"><h3 class='iconbox_content_title '  itemprop=\"headline\"  ><a href='http:\/\/fcmainburg.de\/Files\/Downloads\/181026_VereinssatzungFCM.pdf' title='Vereinssatzung'  target=\"_blank\" >Vereinssatzung<\/a><\/h3><\/header><div class='iconbox_content_container  '  itemprop=\"text\"  ><p>Die Vereinssatzung des FC Mainburg<\/p>\n<\/div><\/div><footer class=\"entry-footer\"><\/footer><\/article><br \/>\n<article class=\"iconbox iconbox_left_content    \"  itemscope=\"itemscope\" itemtype=\"https:\/\/schema.org\/CreativeWork\" ><a href='http:\/\/fcmainburg.de\/Files\/Downloads\/FCM_Ehrenordnung.pdf' title='Ehrenordnung'  target=\"_blank\"  class=\"iconbox_icon heading-color \" aria-hidden='true' data-av_icon='\ue850' data-av_iconfont='entypo-fontello'  ><\/a><div class=\"iconbox_content\"><header class=\"entry-content-header\"><h3 class='iconbox_content_title '  itemprop=\"headline\"  ><a href='http:\/\/fcmainburg.de\/Files\/Downloads\/FCM_Ehrenordnung.pdf' title='Ehrenordnung'  target=\"_blank\" >Ehrenordnung<\/a><\/h3><\/header><div class='iconbox_content_container  '  itemprop=\"text\"  ><p>Die Ehrenordnung des FC Mainburg<\/p>\n<\/div><\/div><footer class=\"entry-footer\"><\/footer><\/article><\/p><\/div><div class=\"flex_column av_one_third  flex_column_div av-zero-column-padding   \" style='border-radius:0px; '><\/div><\/p>\n<\/div><\/div><\/div><!-- close content main div --><\/div><\/div><div id='av_section_1' class='avia-section alternate_color avia-section-default avia-no-shadow avia-bg-style-scroll   container_wrap fullsize'   ><div class='container' ><div class='template-page content  av-content-full alpha units'><div class='post-entry post-entry-type-page post-entry-22'><div class='entry-content-wrapper clearfix'>\n<div style='padding-bottom:10px;' class='av-special-heading av-special-heading-h3  blockquote modern-quote   '><h3 class='av-special-heading-tag '  itemprop=\"headline\"  >Downloads f\u00fcr Mitglieder<\/h3><div class='special-heading-border'><div class='special-heading-inner-border' ><\/div><\/div><\/div>\n<div class=\"flex_column av_two_third  flex_column_div first  \" ><article class=\"iconbox iconbox_left_content    \"  itemscope=\"itemscope\" itemtype=\"https:\/\/schema.org\/CreativeWork\" ><a href='http:\/\/fcmainburg.de\/Files\/Downloads\/Kostenerstattung.pdf' title='Kostenerstattung'  target=\"_blank\"  class=\"iconbox_icon heading-color \" aria-hidden='true' data-av_icon='\ue850' data-av_iconfont='entypo-fontello'  ><\/a><div class=\"iconbox_content\"><header class=\"entry-content-header\"><h3 class='iconbox_content_title '  itemprop=\"headline\"  ><a href='http:\/\/fcmainburg.de\/Files\/Downloads\/Kostenerstattung.pdf' title='Kostenerstattung'  target=\"_blank\" >Kostenerstattung<\/a><\/h3><\/header><div class='iconbox_content_container  '  itemprop=\"text\"  ><p>Formular f\u00fcr die Kostenerstattung<\/p>\n<\/div><\/div><footer class=\"entry-footer\"><\/footer><\/article><\/div>\n\n","protected":false},"excerpt":{"rendered":"","protected":false},"author":2,"featured_media":0,"parent":16,"menu_order":0,"comment_status":"closed","ping_status":"closed","template":"","meta":{"_mi_skip_tracking":false,"footnotes":""},"class_list":["post-22","page","type-page","status-publish","hentry"],"_links":{"self":[{"href":"https:\/\/fcmainburg.de\/cm\/wp-json\/wp\/v2\/pages\/22","targetHints":{"allow":["GET"]}}],"collection":[{"href":"https:\/\/fcmainburg.de\/cm\/wp-json\/wp\/v2\/pages"}],"about":[{"href":"https:\/\/fcmainburg.de\/cm\/wp-json\/wp\/v2\/types\/page"}],"author":[{"embeddable":true,"href":"https:\/\/fcmainburg.de\/cm\/wp-json\/wp\/v2\/users\/2"}],"replies":[{"embeddable":true,"href":"https:\/\/fcmainburg.de\/cm\/wp-json\/wp\/v2\/comments?post=22"}],"version-history":[{"count":33,"href":"https:\/\/fcmainburg.de\/cm\/wp-json\/wp\/v2\/pages\/22\/revisions"}],"predecessor-version":[{"id":4471,"href":"https:\/\/fcmainburg.de\/cm\/wp-json\/wp\/v2\/pages\/22\/revisions\/4471"}],"up":[{"embeddable":true,"href":"https:\/\/fcmainburg.de\/cm\/wp-json\/wp\/v2\/pages\/16"}],"wp:attachment":[{"href":"https:\/\/fcmainburg.de\/cm\/wp-json\/wp\/v2\/media?parent=22"}],"curies":[{"name":"wp","href":"https:\/\/api.w.org\/{rel}","templated":true}]}}