{"id":24,"date":"2015-12-08T21:28:54","date_gmt":"2015-12-08T20:28:54","guid":{"rendered":"http:\/\/fcmainburg.de\/cm\/?page_id=24"},"modified":"2024-04-19T08:38:03","modified_gmt":"2024-04-19T06:38:03","slug":"foerderverein","status":"publish","type":"page","link":"https:\/\/fcmainburg.de\/cm\/verein\/foerderverein\/","title":{"rendered":"F\u00f6rderverein"},"content":{"rendered":"<div id='layer_slider_1' class='avia-layerslider main_color avia-shadow  container_wrap fullsize'    style='height: 151px;' ><\/div>\n<div style='padding-bottom:10px;' class='av-special-heading av-special-heading-h2  blockquote modern-quote   '><h2 class='av-special-heading-tag '  itemprop=\"headline\"  >Der F\u00f6rderverein des FC Mainburg<\/h2><div class='special-heading-border'><div class='special-heading-inner-border' ><\/div><\/div><\/div>\n<div class=\"flex_column av_two_third  flex_column_div first  \" ><p><section class=\"av_textblock_section \"  itemscope=\"itemscope\" itemtype=\"https:\/\/schema.org\/CreativeWork\" ><div class='avia_textblock  '   itemprop=\"text\" ><p>Der F\u00f6rderverein f\u00fcr den Fu\u00dfball beim FC Mainburg wurde auf Initiative von Karsten Wettberg ins Leben gerufen. Am 28 M\u00e4rz 2012 fand die Gr\u00fcndungsversammlung im Nebenzimmer des FC Vereinsheims statt. Es waren 26 Personen anwesend, darunter 1. B\u00fcrgermeister Sepp Reiser und seine Stellvertreterin 2. B\u00fcrgermeisterin Hannelore Langwieser. Ebenfalls anwesend waren die beiden Vorsitzenden des FC Mainburg Udo Naumann und Dieter Finke sowie Harry Bruckmaier von der Hallertauer Zeitung.<\/p>\n<p>Zielsetzung des Vereins ist die F\u00f6rderung des FC Mainburg 1920 e.V. Insbesondere gilt das Augenmerk der Jugendarbeit mit dem f\u00fcr Mainburg sehr wichtigen Thema der Integration von Jugendlichen mit Migrationshintergrund, sowie dem Zusammenleben der Jugendlichen mit unterschiedlichem kulturellen Hintergrund.<br \/>\nWichtige Themen sind auch die Unterst\u00fctzung der \u00dcbungsleiter und \u00dcbungsleiterausbildung, aber auch der Schiedsrichterausbildung im FC Mainburg.<\/p>\n<p>Die Vorstandschaft setzt sich wie folgt zusammen:<\/p>\n<\/div><\/section><br \/>\n<div class='avia-data-table-wrap avia_responsive_table'><table class='avia-table avia-data-table avia-table-1  avia_pricing_default '  itemscope=\"itemscope\" itemtype=\"https:\/\/schema.org\/Table\" ><tbody><tr class='avia-heading-row'><th class=''>Funktion<\/th><th class=''>Name<\/th><th class=''>Kontakt<\/th><\/tr><tr class=''><td class=''>1. Vorstand<\/td><td class=''>Martin Grasl<\/td><td class=''><\/td><\/tr><tr class=''><td class=''>2. Vorstand<\/td><td class=''>Konrad Schickaneder<\/td><td class=''><\/td><\/tr><tr class=''><td class=''>3. Vorstand<\/td><td class=''>Karolina Aigner<\/td><td class=''><\/td><\/tr><tr class=''><td class=''>Kassier<\/td><td class=''>Hans Maier<\/td><td class=''><\/td><\/tr><tr class=''><td class=''>Schriftf\u00fchrer<\/td><td class=''>Konrad P\u00f6ppel<\/td><td class=''><\/td><\/tr><\/tbody><\/table><\/div><style type='text\/css'>.avia-table-1 td:nth-of-type(1):before { content: 'Funktion'; } .avia-table-1 td:nth-of-type(2):before { content: 'Name'; } .avia-table-1 td:nth-of-type(3):before { content: 'Kontakt'; } <\/style><br \/>\n<section class=\"av_textblock_section \"  itemscope=\"itemscope\" itemtype=\"https:\/\/schema.org\/CreativeWork\" ><div class='avia_textblock  '   itemprop=\"text\" ><p>Um unsere Ziele auch in Zukunft weiter verfolgen zu k\u00f6nnen, braucht der Verein neue Mitglieder. Daher unterst\u00fctzen Sie uns bitte durch Ihre Mitgliedschaft. Schon mit 25,&#8211; Euro pro Jahr unterst\u00fctzen Sie die jungen Fu\u00dfballer im FC Mainburg. Auch \u00fcber eine Geldspende, die ausschlie\u00dflich den Jugendlichen zugutekommt, w\u00e4re die Freude sehr gro\u00df.<\/p>\n<p>Liebe Eltern der jungen Fu\u00dfballer &#8211; f\u00f6rdern Sie Ihre Kinder!<\/p>\n<p>Auf der rechten Seite finden Sie eine Beitrittserkl\u00e4rung zum F\u00f6rderverein sowie die Satzung.<\/p>\n<p>Herzlichen Dank f\u00fcr Ihre Unterst\u00fctzung.-<\/p>\n<p>Die Vorstandschaft.<\/p>\n<\/div><\/section><\/p><\/div><div class=\"flex_column av_one_third  flex_column_div av-zero-column-padding   \" style='border-radius:0px; '><p><div class='avia-image-container  av-styling- av-hover-grow   avia-align-center '  itemscope=\"itemscope\" itemtype=\"https:\/\/schema.org\/ImageObject\"  ><div class='avia-image-container-inner'><img class='avia_image ' src='https:\/\/fcmainburg.de\/cm\/wp-content\/uploads\/2024\/04\/FoeV.-Vorstandschaft-scaled.jpg' alt='' title='F\u00f6V. Vorstandschaft'   itemprop=\"thumbnailUrl\"  \/><\/div><\/div><br \/>\n<section class=\"av_textblock_section \"  itemscope=\"itemscope\" itemtype=\"https:\/\/schema.org\/CreativeWork\" ><div class='avia_textblock  '   itemprop=\"text\" ><p><strong>Die Vorstandschaft des F\u00f6rdervereins des FC Mainburg<br \/>\n<\/strong>von links nach rechts: Hans Maier Kassier,\u00a0 2. Vorstand Konrad Schickaneder,\u00a0 3. Vorstand Karolina Aigner,\u00a0 1. Vorstand\u00a0 Martin Grasl und Schriftf\u00fchrer Konrad P\u00f6ppel<\/p>\n<\/div><\/section><br \/>\n<section class=\"avia_codeblock_section  avia_code_block_0\"  itemscope=\"itemscope\" itemtype=\"https:\/\/schema.org\/CreativeWork\" ><div class='avia_codeblock '  itemprop=\"text\" > [avia_codeblock_placeholder uid=\"0\"] <\/div><\/section><br \/>\n<article class=\"iconbox iconbox_left_content    \"  itemscope=\"itemscope\" itemtype=\"https:\/\/schema.org\/CreativeWork\" ><a href='http:\/\/fcmainburg.de\/Files\/Downloads\/FoeV_Beitrittserklaerung.pdf' title='Beitrittserkl\u00e4rung'  target=\"_blank\"  class=\"iconbox_icon heading-color \" aria-hidden='true' data-av_icon='\ue850' data-av_iconfont='entypo-fontello'  ><\/a><div class=\"iconbox_content\"><header class=\"entry-content-header\"><h3 class='iconbox_content_title '  itemprop=\"headline\"  ><a href='http:\/\/fcmainburg.de\/Files\/Downloads\/FoeV_Beitrittserklaerung.pdf' title='Beitrittserkl\u00e4rung'  target=\"_blank\" >Beitrittserkl\u00e4rung<\/a><\/h3><\/header><div class='iconbox_content_container  '  itemprop=\"text\"  ><p>Die Beitrittserkl\u00e4rung zum Ausdrucken und Ausf\u00fcllen<\/p>\n<\/div><\/div><footer class=\"entry-footer\"><\/footer><\/article><br \/>\n<article class=\"iconbox iconbox_left_content    \"  itemscope=\"itemscope\" itemtype=\"https:\/\/schema.org\/CreativeWork\" ><a href='http:\/\/fcmainburg.de\/Files\/Downloads\/FoeV_Satzung.pdf' title='Satzung'  target=\"_blank\"  class=\"iconbox_icon heading-color \" aria-hidden='true' data-av_icon='\ue850' data-av_iconfont='entypo-fontello'  ><\/a><div class=\"iconbox_content\"><header class=\"entry-content-header\"><h3 class='iconbox_content_title '  itemprop=\"headline\"  ><a href='http:\/\/fcmainburg.de\/Files\/Downloads\/FoeV_Satzung.pdf' title='Satzung'  target=\"_blank\" >Satzung<\/a><\/h3><\/header><div class='iconbox_content_container  '  itemprop=\"text\"  ><p>Die Satzung zum Download<\/p>\n<\/div><\/div><footer class=\"entry-footer\"><\/footer><\/article><\/p><\/div><\/p>\n","protected":false},"excerpt":{"rendered":"","protected":false},"author":2,"featured_media":0,"parent":16,"menu_order":0,"comment_status":"closed","ping_status":"closed","template":"","meta":{"_mi_skip_tracking":false,"footnotes":""},"class_list":["post-24","page","type-page","status-publish","hentry"],"_links":{"self":[{"href":"https:\/\/fcmainburg.de\/cm\/wp-json\/wp\/v2\/pages\/24","targetHints":{"allow":["GET"]}}],"collection":[{"href":"https:\/\/fcmainburg.de\/cm\/wp-json\/wp\/v2\/pages"}],"about":[{"href":"https:\/\/fcmainburg.de\/cm\/wp-json\/wp\/v2\/types\/page"}],"author":[{"embeddable":true,"href":"https:\/\/fcmainburg.de\/cm\/wp-json\/wp\/v2\/users\/2"}],"replies":[{"embeddable":true,"href":"https:\/\/fcmainburg.de\/cm\/wp-json\/wp\/v2\/comments?post=24"}],"version-history":[{"count":19,"href":"https:\/\/fcmainburg.de\/cm\/wp-json\/wp\/v2\/pages\/24\/revisions"}],"predecessor-version":[{"id":4206,"href":"https:\/\/fcmainburg.de\/cm\/wp-json\/wp\/v2\/pages\/24\/revisions\/4206"}],"up":[{"embeddable":true,"href":"https:\/\/fcmainburg.de\/cm\/wp-json\/wp\/v2\/pages\/16"}],"wp:attachment":[{"href":"https:\/\/fcmainburg.de\/cm\/wp-json\/wp\/v2\/media?parent=24"}],"curies":[{"name":"wp","href":"https:\/\/api.w.org\/{rel}","templated":true}]}}