{"id":26,"date":"2015-12-08T21:29:15","date_gmt":"2015-12-08T20:29:15","guid":{"rendered":"http:\/\/fcmainburg.de\/cm\/?page_id=26"},"modified":"2015-12-17T21:51:29","modified_gmt":"2015-12-17T20:51:29","slug":"mitglied-werden","status":"publish","type":"page","link":"https:\/\/fcmainburg.de\/cm\/verein\/mitglied-werden\/","title":{"rendered":"Mitglied werden"},"content":{"rendered":"<div id='layer_slider_1' class='avia-layerslider main_color avia-shadow  container_wrap fullsize'    style='height: 151px;' ><\/div>\n<div style='padding-bottom:10px;' class='av-special-heading av-special-heading-h2  blockquote modern-quote   '><h2 class='av-special-heading-tag '  itemprop=\"headline\"  >Mitglied werden<\/h2><div class='special-heading-border'><div class='special-heading-inner-border' ><\/div><\/div><\/div>\n<div class=\"flex_column av_two_third  flex_column_div first  \" ><p><section class=\"av_textblock_section \"  itemscope=\"itemscope\" itemtype=\"https:\/\/schema.org\/CreativeWork\" ><div class='avia_textblock  '   itemprop=\"text\" ><p>Der FC Mainburg freut sich Dich als neues Mitglied begr\u00fc\u00dfen zu d\u00fcrfen.<br \/>\nDen Mitgliedsantrag findest Du im Download-Bereich.<\/p>\n<\/div><\/section><br \/>\n<article class=\"iconbox iconbox_left_content    \"  itemscope=\"itemscope\" itemtype=\"https:\/\/schema.org\/CreativeWork\" ><a href='https:\/\/fcmainburg.de\/cm\/verein\/downloads\/' title='Downloads'  class=\"iconbox_icon heading-color \" aria-hidden='true' data-av_icon='\ue850' data-av_iconfont='entypo-fontello'  ><\/a><div class=\"iconbox_content\"><header class=\"entry-content-header\"><h3 class='iconbox_content_title '  itemprop=\"headline\"  ><a href='https:\/\/fcmainburg.de\/cm\/verein\/downloads\/' title='Downloads' >Downloads<\/a><\/h3><\/header><div class='iconbox_content_container  '  itemprop=\"text\"  ><p>hier geht&#8217;s in den Downloadbereich<\/p>\n<\/div><\/div><footer class=\"entry-footer\"><\/footer><\/article><br \/>\n<section class=\"av_textblock_section \"  itemscope=\"itemscope\" itemtype=\"https:\/\/schema.org\/CreativeWork\" ><div class='avia_textblock  '   itemprop=\"text\" ><p>Bitte gib diesen bei Deinem Trainer oder im Vereinsheim ab.<br \/>\nPer Post kannst Du den Antrag an folgende Adresse schicken:<br \/>\nFC Mainburg 1920 e.V.<br \/>\nEbrantshauser Str. 71<br \/>\n84048 Mainburg<\/p>\n<\/div><\/section><\/p><\/div><div class=\"flex_column av_one_third  flex_column_div   \" ><\/div><\/p>\n","protected":false},"excerpt":{"rendered":"","protected":false},"author":2,"featured_media":0,"parent":16,"menu_order":0,"comment_status":"closed","ping_status":"closed","template":"","meta":{"_mi_skip_tracking":false,"footnotes":""},"class_list":["post-26","page","type-page","status-publish","hentry"],"_links":{"self":[{"href":"https:\/\/fcmainburg.de\/cm\/wp-json\/wp\/v2\/pages\/26","targetHints":{"allow":["GET"]}}],"collection":[{"href":"https:\/\/fcmainburg.de\/cm\/wp-json\/wp\/v2\/pages"}],"about":[{"href":"https:\/\/fcmainburg.de\/cm\/wp-json\/wp\/v2\/types\/page"}],"author":[{"embeddable":true,"href":"https:\/\/fcmainburg.de\/cm\/wp-json\/wp\/v2\/users\/2"}],"replies":[{"embeddable":true,"href":"https:\/\/fcmainburg.de\/cm\/wp-json\/wp\/v2\/comments?post=26"}],"version-history":[{"count":4,"href":"https:\/\/fcmainburg.de\/cm\/wp-json\/wp\/v2\/pages\/26\/revisions"}],"predecessor-version":[{"id":217,"href":"https:\/\/fcmainburg.de\/cm\/wp-json\/wp\/v2\/pages\/26\/revisions\/217"}],"up":[{"embeddable":true,"href":"https:\/\/fcmainburg.de\/cm\/wp-json\/wp\/v2\/pages\/16"}],"wp:attachment":[{"href":"https:\/\/fcmainburg.de\/cm\/wp-json\/wp\/v2\/media?parent=26"}],"curies":[{"name":"wp","href":"https:\/\/api.w.org\/{rel}","templated":true}]}}