{"id":30,"date":"2015-12-08T21:30:00","date_gmt":"2015-12-08T20:30:00","guid":{"rendered":"http:\/\/fcmainburg.de\/cm\/?page_id=30"},"modified":"2017-08-01T22:23:58","modified_gmt":"2017-08-01T20:23:58","slug":"sportgelaende","status":"publish","type":"page","link":"https:\/\/fcmainburg.de\/cm\/verein\/sportgelaende\/","title":{"rendered":"Sportgel\u00e4nde"},"content":{"rendered":"<div id='layer_slider_1' class='avia-layerslider main_color avia-shadow  container_wrap fullsize'    style='height: 151px;' ><\/div>\n<div class=\"flex_column av_two_third  flex_column_div first  \" ><div style='padding-bottom:10px;' class='av-special-heading av-special-heading-h2  blockquote modern-quote  '><h2 class='av-special-heading-tag '  itemprop=\"headline\"  >Vereinsheim | Sportgel\u00e4nde<\/h2><div class='special-heading-border'><div class='special-heading-inner-border' ><\/div><\/div><\/div><\/div>\n<\/div><\/div><\/div><!-- close content main div --><\/div><\/div><div id='av_section_1' class='avia-section main_color avia-section-default avia-no-shadow avia-bg-style-scroll   container_wrap fullsize'   ><div class='container' ><div class='template-page content  av-content-full alpha units'><div class='post-entry post-entry-type-page post-entry-30'><div class='entry-content-wrapper clearfix'>\n<div style='padding-bottom:10px;' class='av-special-heading av-special-heading-h3  blockquote modern-quote   '><h3 class='av-special-heading-tag '  itemprop=\"headline\"  >Vereinsheim<\/h3><div class='special-heading-border'><div class='special-heading-inner-border' ><\/div><\/div><\/div>\n<div class=\"flex_column av_two_third  flex_column_div first  \" ><p><section class=\"av_textblock_section \"  itemscope=\"itemscope\" itemtype=\"https:\/\/schema.org\/CreativeWork\" ><div class='avia_textblock  '   itemprop=\"text\" ><p>Das Vereinsheim und das Trainingsgel\u00e4nde des FC Mainburg befinden sich in der Ebrantshauser Str. 71 in Mainburg.<br \/>\nDas Vereinsheim wurde 1990 gebaut und bietet Platz f\u00fcr vier Umkleidekabinen mit Duschen im Kellergescho\u00df, einer Gastst\u00e4tte im Erdgescho\u00df sowei einer Wohnung f\u00fcr den P\u00e4chter der Vereinsgastst\u00e4tte im Dachgescho\u00df. In einem Nebengeb\u00e4ude befinden sich der Trikot-Waschraum, ein Raum f\u00fcr das Trainingszubeh\u00f6r und die B\u00e4lle<br \/>\nsowie weitere Lagerr\u00e4ume.<\/p>\n<\/div><\/section><br \/>\n<div class='avia-image-container avia_animated_image avia_animate_when_almost_visible pop-up av-styling-    avia-align-center '  itemscope=\"itemscope\" itemtype=\"https:\/\/schema.org\/ImageObject\"  ><div class='avia-image-container-inner'><img class='avia_image ' src='https:\/\/fcmainburg.de\/cm\/wp-content\/uploads\/2015\/12\/Gelaende_Vereinsheim.jpg' alt='FC Mainburg 1920 e. V.' title='Gelaende_Vereinsheim'   itemprop=\"thumbnailUrl\"  \/><\/div><\/div><\/p><\/div>\n\n<\/div><\/div><\/div><!-- close content main div --><\/div><\/div><div id='av_section_2' class='avia-section alternate_color avia-section-default avia-no-shadow avia-bg-style-scroll   container_wrap fullsize'   ><div class='container' ><div class='template-page content  av-content-full alpha units'><div class='post-entry post-entry-type-page post-entry-30'><div class='entry-content-wrapper clearfix'>\n<div style='padding-bottom:10px;' class='av-special-heading av-special-heading-h3  blockquote modern-quote   '><h3 class='av-special-heading-tag '  itemprop=\"headline\"  >Hauptplatz<\/h3><div class='special-heading-border'><div class='special-heading-inner-border' ><\/div><\/div><\/div>\n<div class=\"flex_column av_two_third  flex_column_div first  \" ><p><section class=\"av_textblock_section \"  itemscope=\"itemscope\" itemtype=\"https:\/\/schema.org\/CreativeWork\" ><div class='avia_textblock  '   itemprop=\"text\" ><p>Lage: Ebrantshauser Str. 71, 84048 Mainburg<br \/>\nDer Hauptplatz wurde im Jahr 1988 gebaut. Mit Abmessungen von 105m x 68m bietet er optimale sportliche Rahmenbedingungen. Der Platz ist mit einer Flutlichtanlage ausgestattet. Im Jahr 2013 wurde der Hauptplatz mit einer automatischen Bew\u00e4sserungsanlage ausgestattet. Spielst\u00e4tte der beiden Seniorenmannschaften sowie der G- und A-Junioren.<\/p>\n<\/div><\/section><br \/>\n<div class='avia-image-container avia_animated_image avia_animate_when_almost_visible pop-up av-styling-    avia-align-center '  itemscope=\"itemscope\" itemtype=\"https:\/\/schema.org\/ImageObject\"  ><div class='avia-image-container-inner'><img class='avia_image ' src='https:\/\/fcmainburg.de\/cm\/wp-content\/uploads\/2015\/12\/Gelaende_Hauptplatz-1030x687.jpg' alt='FC Mainburg 1920 e. V.' title='Gelaende_Hauptplatz'   itemprop=\"thumbnailUrl\"  \/><\/div><\/div><\/p><\/div><\/div><\/div><\/div><!-- close content main div --><\/div><\/div><div id='av_section_3' class='avia-section main_color avia-section-default avia-no-shadow avia-bg-style-scroll   container_wrap fullsize'   ><div class='container' ><div class='template-page content  av-content-full alpha units'><div class='post-entry post-entry-type-page post-entry-30'><div class='entry-content-wrapper clearfix'>\n<div style='padding-bottom:10px;' class='av-special-heading av-special-heading-h3  blockquote modern-quote   '><h3 class='av-special-heading-tag '  itemprop=\"headline\"  >Kleinfeldplatz<\/h3><div class='special-heading-border'><div class='special-heading-inner-border' ><\/div><\/div><\/div>\n<div class=\"flex_column av_two_third  flex_column_div first  \" ><p><section class=\"av_textblock_section \"  itemscope=\"itemscope\" itemtype=\"https:\/\/schema.org\/CreativeWork\" ><div class='avia_textblock  '   itemprop=\"text\" ><p>Lage: Ebrantshauser Str. 71, 84048 Mainburg<br \/>\nSeit 2010 gibt es an der Ebrantshauser Stra\u00dfe auch einen Kleinfeldplatz. Der Platz ist mit einer Flutlichtanlage ausgestattet. Im Jahr 2013 wurde der Kleinfeldplatz mit einer automatischen Bew\u00e4sserungsanlage ausgestattet. Trainingsplatz f\u00fcr viele Juniorenmannschaften.<\/p>\n<\/div><\/section><br \/>\n<div class='avia-image-container avia_animated_image avia_animate_when_almost_visible pop-up av-styling-    avia-align-right '  itemscope=\"itemscope\" itemtype=\"https:\/\/schema.org\/ImageObject\"  ><div class='avia-image-container-inner'><img class='avia_image ' src='https:\/\/fcmainburg.de\/cm\/wp-content\/uploads\/2015\/12\/Gelaende_Kleinfeld.jpg' alt='FC Mainburg' title='Gelaende_Kleinfeld'   itemprop=\"thumbnailUrl\"  \/><\/div><\/div><\/p><\/div>\n<\/p>\n<\/div><\/div><\/div><!-- close content main div --><\/div><\/div><div id='av_section_4' class='avia-section alternate_color avia-section-default avia-no-shadow avia-bg-style-scroll   container_wrap fullsize'   ><div class='container' ><div class='template-page content  av-content-full alpha units'><div class='post-entry post-entry-type-page post-entry-30'><div class='entry-content-wrapper clearfix'>\n<div style='padding-bottom:10px;' class='av-special-heading av-special-heading-h3  blockquote modern-quote   '><h3 class='av-special-heading-tag '  itemprop=\"headline\"  >Schulsportplatz<\/h3><div class='special-heading-border'><div class='special-heading-inner-border' ><\/div><\/div><\/div>\n<div class=\"flex_column av_two_third  flex_column_div first  \" ><p><section class=\"av_textblock_section \"  itemscope=\"itemscope\" itemtype=\"https:\/\/schema.org\/CreativeWork\" ><div class='avia_textblock  '   itemprop=\"text\" ><p>Lage: Ebrantshauser Str. 71, 84048 Mainburg<br \/>\nZusammen mit dem Hauptplatz wurde 1988 auch der Schulsportplatz gebaut. Tr\u00e4ger ist der Schulverband Hallertauer Mittelschule Mainburg. Der Platz ist mit einer Flutlichtanlage ausgestattet. Trainingsplatz f\u00fcr beide Seniorenmannschaften sowie f\u00fcr alle Juniorenmannschaften. Spielst\u00e4tte der Kleinfeldmannschaften: F-, E- und D7-Junioren<\/p>\n<\/div><\/section><br \/>\n<div class='avia-image-container avia_animated_image avia_animate_when_almost_visible pop-up av-styling-    avia-align-center '  itemscope=\"itemscope\" itemtype=\"https:\/\/schema.org\/ImageObject\"  ><div class='avia-image-container-inner'><img class='avia_image ' src='https:\/\/fcmainburg.de\/cm\/wp-content\/uploads\/2015\/12\/Gelaende_Schulsportplatz.jpg' alt='FC Mainburg' title='Gelaende_Schulsportplatz'   itemprop=\"thumbnailUrl\"  \/><\/div><\/div><\/p><\/div>\n\n<\/div><\/div><\/div><!-- close content main div --><\/div><\/div><div id='av_section_5' class='avia-section main_color avia-section-default avia-no-shadow avia-bg-style-scroll   container_wrap fullsize'   ><div class='container' ><div class='template-page content  av-content-full alpha units'><div class='post-entry post-entry-type-page post-entry-30'><div class='entry-content-wrapper clearfix'>\n<div style='padding-bottom:10px;' class='av-special-heading av-special-heading-h3  blockquote modern-quote   '><h3 class='av-special-heading-tag '  itemprop=\"headline\"  >Stadion am Bad<\/h3><div class='special-heading-border'><div class='special-heading-inner-border' ><\/div><\/div><\/div>\n<div class=\"flex_column av_two_third  flex_column_div first  \" ><p><section class=\"av_textblock_section \"  itemscope=\"itemscope\" itemtype=\"https:\/\/schema.org\/CreativeWork\" ><div class='avia_textblock  '   itemprop=\"text\" ><p>Lage: Am Sportplatz 1, 84048 Mainburg<br \/>\nSpielst\u00e4tte f\u00fcr viele Juniorenmannschaften: A-, B-, C- und D9-Junioren<\/p>\n<\/div><\/section><br \/>\n<div class='avia-image-container avia_animated_image avia_animate_when_almost_visible pop-up av-styling-    avia-align-center '  itemscope=\"itemscope\" itemtype=\"https:\/\/schema.org\/ImageObject\"  ><div class='avia-image-container-inner'><img class='avia_image ' src='https:\/\/fcmainburg.de\/cm\/wp-content\/uploads\/2016\/06\/Gelaende_StadionamBad-1030x687.jpg' alt='FC Mainburg' title='Gelaende_StadionamBad'   itemprop=\"thumbnailUrl\"  \/><\/div><\/div><\/p><\/div><div class=\"flex_column av_one_third  flex_column_div   \" ><p><section class=\"av_textblock_section \"  itemscope=\"itemscope\" itemtype=\"https:\/\/schema.org\/CreativeWork\" ><div class='avia_textblock  '   itemprop=\"text\" ><p><code><\/code><\/p>\n<\/div><\/section><br \/>\n<div class='avia-image-container avia_animated_image avia_animate_when_almost_visible pop-up av-styling-    avia-align-center '  itemscope=\"itemscope\" itemtype=\"https:\/\/schema.org\/ImageObject\"  ><div class='avia-image-container-inner'><img class='avia_image ' src='https:\/\/fcmainburg.de\/cm\/wp-content\/uploads\/2016\/06\/Gelaende_StadionTafel-1030x687.jpg' alt='FC Mainburg' title='Gelaende_StadionTafel'   itemprop=\"thumbnailUrl\"  \/><\/div><\/div><\/p><\/div>\n\n","protected":false},"excerpt":{"rendered":"","protected":false},"author":2,"featured_media":0,"parent":16,"menu_order":0,"comment_status":"closed","ping_status":"closed","template":"","meta":{"_mi_skip_tracking":false,"footnotes":""},"class_list":["post-30","page","type-page","status-publish","hentry"],"_links":{"self":[{"href":"https:\/\/fcmainburg.de\/cm\/wp-json\/wp\/v2\/pages\/30","targetHints":{"allow":["GET"]}}],"collection":[{"href":"https:\/\/fcmainburg.de\/cm\/wp-json\/wp\/v2\/pages"}],"about":[{"href":"https:\/\/fcmainburg.de\/cm\/wp-json\/wp\/v2\/types\/page"}],"author":[{"embeddable":true,"href":"https:\/\/fcmainburg.de\/cm\/wp-json\/wp\/v2\/users\/2"}],"replies":[{"embeddable":true,"href":"https:\/\/fcmainburg.de\/cm\/wp-json\/wp\/v2\/comments?post=30"}],"version-history":[{"count":28,"href":"https:\/\/fcmainburg.de\/cm\/wp-json\/wp\/v2\/pages\/30\/revisions"}],"predecessor-version":[{"id":115,"href":"https:\/\/fcmainburg.de\/cm\/wp-json\/wp\/v2\/pages\/30\/revisions\/115"}],"up":[{"embeddable":true,"href":"https:\/\/fcmainburg.de\/cm\/wp-json\/wp\/v2\/pages\/16"}],"wp:attachment":[{"href":"https:\/\/fcmainburg.de\/cm\/wp-json\/wp\/v2\/media?parent=30"}],"curies":[{"name":"wp","href":"https:\/\/api.w.org\/{rel}","templated":true}]}}