{"id":44,"date":"2015-12-08T21:37:18","date_gmt":"2015-12-08T20:37:18","guid":{"rendered":"http:\/\/fcmainburg.de\/cm\/?page_id=44"},"modified":"2023-12-15T10:11:02","modified_gmt":"2023-12-15T09:11:02","slug":"junioren","status":"publish","type":"page","link":"https:\/\/fcmainburg.de\/cm\/mannschaften\/junioren\/","title":{"rendered":"Junioren"},"content":{"rendered":"<div id='layer_slider_1' class='avia-layerslider main_color avia-shadow  container_wrap fullsize'    style='height: 151px;' ><\/div>\n<div style='padding-bottom:10px;' class='av-special-heading av-special-heading-h2  blockquote modern-quote   '><h2 class='av-special-heading-tag '  itemprop=\"headline\"  >Junioren beim FC Mainburg<\/h2><div class='special-heading-border'><div class='special-heading-inner-border' ><\/div><\/div><\/div>\n<div class=\"flex_column av_two_third  flex_column_div first  \" ><p><section class=\"av_textblock_section \"  itemscope=\"itemscope\" itemtype=\"https:\/\/schema.org\/CreativeWork\" ><div class='avia_textblock  '   itemprop=\"text\" ><p>Im Juniorenbereich des FC Mainburg sind in der Saison 2023\/2024 10 Juniorenmannschaften mit ca. 200 Jugendlichen aktiv.<\/p>\n<p>Folgende Mannschaften sind derzeit im laufenden Spielbetrieb:<\/p>\n<\/div><\/section><br \/>\n<div class='avia-data-table-wrap avia_responsive_table'><table class='avia-table avia-data-table avia-table-1  avia_pricing_default '  itemscope=\"itemscope\" itemtype=\"https:\/\/schema.org\/Table\" ><tbody><tr class='avia-heading-row'><th class=''>Mannschaft<\/th><th class=''>Jahrgang<\/th><\/tr><tr class=''><td class=''>U18 (A) (SG TV Aiglsbach)<\/td><td class=''>2005\/2006<\/td><\/tr><tr class=''><td class=''>U17 (B) 1. Mannschaft<\/td><td class=''>2007\/2008<\/td><\/tr><tr class=''><td class=''>U17 (B) 2. Mannschaft<\/td><td class=''>2007\/2008<\/td><\/tr><tr class=''><td class=''>U15 (C) Mannschaft<\/td><td class=''>2009\/2010<\/td><\/tr><tr class=''><td class=''>U13 (D) 1. Mannschaft<\/td><td class=''>2011\/2012<\/td><\/tr><tr class=''><td class=''>U13 (D) 2. Mannschaft<\/td><td class=''>2011\/2012<\/td><\/tr><tr class=''><td class=''>U11 (E) 1. Mannschaft<\/td><td class=''>2013\/2014<\/td><\/tr><tr class=''><td class=''>U11 (E) 2. Mannschaft<\/td><td class=''>2013\/2014<\/td><\/tr><tr class=''><td class=''>U11 (E) 3. Mannschaft<\/td><td class=''>2013\/2014<\/td><\/tr><tr class=''><td class=''>U9 (F) <\/td><td class=''>2015\/2016<\/td><\/tr><\/tbody><\/table><\/div><style type='text\/css'>.avia-table-1 td:nth-of-type(1):before { content: 'Mannschaft'; } .avia-table-1 td:nth-of-type(2):before { content: 'Jahrgang'; } <\/style><\/p><\/div><div class=\"flex_column av_one_third  flex_column_div av-zero-column-padding   \" style='border-radius:0px; '><\/div><\/p>\n<div class=\"flex_column av_two_third  flex_column_div first  \" ><section class=\"av_textblock_section \"  itemscope=\"itemscope\" itemtype=\"https:\/\/schema.org\/CreativeWork\" ><div class='avia_textblock  '   itemprop=\"text\" ><p>Den aktuellen Trainingsplan aller Mannschaften k\u00f6nnen Sie nachfolgend einsehen:<\/p>\n<p><a href=\"https:\/\/fcmainburg.de\/cm\/wp-content\/uploads\/2023\/03\/Trainingsplan-04-2022-23.pdf\">Trainingsplan 01 2022-23.xlsx (fcmainburg.de)<\/a><\/p>\n<\/div><\/section><\/div>\n<div class=\"flex_column av_one_third  flex_column_div av-zero-column-padding   \" style='border-radius:0px; '><\/div>\n<\/div><\/div><\/div><!-- close content main div --><\/div><\/div><div id='av_section_1' class='avia-section alternate_color avia-section-default avia-no-shadow avia-bg-style-scroll   container_wrap fullsize'   ><div class='container' ><div class='template-page content  av-content-full alpha units'><div class='post-entry post-entry-type-page post-entry-44'><div class='entry-content-wrapper clearfix'>\n<div class=\"flex_column av_two_third  flex_column_div first  \" ><p><div style='padding-bottom:10px;' class='av-special-heading av-special-heading-h2  blockquote modern-quote   '><h2 class='av-special-heading-tag '  itemprop=\"headline\"  >Start beim FC Mainburg<\/h2><div class='special-heading-border'><div class='special-heading-inner-border' ><\/div><\/div><\/div><br \/>\n<section class=\"av_textblock_section \"  itemscope=\"itemscope\" itemtype=\"https:\/\/schema.org\/CreativeWork\" ><div class='avia_textblock  '   itemprop=\"text\" ><p>Du oder Dein Kind wollen zum Fu\u00dfballspielen anfangen?<br \/>\nDann seid Ihr beim FC Mainburg richtig.<\/p>\n<p>Zum Start bitte anhand des Geburtsjahres die entsprechende Mannschaft finden und in die Detailansicht der Mannschaft wechseln. Dort findest Du die Trainingszeiten der Mannschaft und Kontaktdaten des Trainers.<\/p>\n<p>Gef\u00e4llt Dir das Fu\u00dfballspielen und willst Du weiter &#8222;Gemeinsam stark&#8220; beim FC Mainburg aktiv sein, musst Du Mitglied werden. Dazu einfach einen Mitgliedsantrag (siehe rechts) herunterladen, ausf\u00fcllen und beim Trainer abgeben. Der aktuelle Mitgliedsbeitrag f\u00fcr ein Jahr bei Jugendlichen betr\u00e4gt 48\u20ac, es ist auch eine Familienmitgliedschaft m\u00f6glich.<br \/>\nF\u00fcr den Spielbetrieb wird dann ein Spielerpass beim Bayerischen Fu\u00dfballverband beantragt.<\/p>\n<\/div><\/section><\/p><\/div><div class=\"flex_column av_one_third  flex_column_div   \" ><article class=\"iconbox iconbox_left_content    \"  itemscope=\"itemscope\" itemtype=\"https:\/\/schema.org\/CreativeWork\" ><a href='https:\/\/fcmainburg.de\/cm\/verein\/downloads\/' title='Downloads'  class=\"iconbox_icon heading-color \" aria-hidden='true' data-av_icon='\ue850' data-av_iconfont='entypo-fontello'  ><\/a><div class=\"iconbox_content\"><header class=\"entry-content-header\"><h3 class='iconbox_content_title '  itemprop=\"headline\"  ><a href='https:\/\/fcmainburg.de\/cm\/verein\/downloads\/' title='Downloads' >Downloads<\/a><\/h3><\/header><div class='iconbox_content_container  '  itemprop=\"text\"  ><p>Hier geht&#8217;s in den Downloadbereich<\/p>\n<\/div><\/div><footer class=\"entry-footer\"><\/footer><\/article><\/div>\n\n<\/div><\/div><\/div><!-- close content main div --><\/div><\/div><div id='av_section_2' class='avia-section main_color avia-section-default avia-no-shadow avia-bg-style-scroll   container_wrap fullsize'   ><div class='container' ><div class='template-page content  av-content-full alpha units'><div class='post-entry post-entry-type-page post-entry-44'><div class='entry-content-wrapper clearfix'>\n<div class=\"flex_column av_two_third  flex_column_div first  \" ><p><div style='padding-bottom:10px;' class='av-special-heading av-special-heading-h2  blockquote modern-quote  '><h2 class='av-special-heading-tag '  itemprop=\"headline\"  >Juniorenkonzept<\/h2><div class='special-heading-border'><div class='special-heading-inner-border' ><\/div><\/div><\/div><br \/>\n<section class=\"av_textblock_section \"  itemscope=\"itemscope\" itemtype=\"https:\/\/schema.org\/CreativeWork\" ><div class='avia_textblock  '   itemprop=\"text\" ><h3>Zielsetzung<\/h3>\n<p>Das Juniorenkonzept ist der sportliche rote Faden in der Jugendarbeit des FC Mainburg. Mit dieser Unterst\u00fctzung wird eine qualifizierte und kindgerechte F\u00f6rderung realisiert, denn im Mittelpunkt des Juniorenkonzepts stehen unsere Kinder und Jugendlichen.<br \/>\nEin weiteres Ziel ist, Menschen mit Migrationshintergrund zu engagieren, in den Sportverein zu integrieren und \u00fcber den organisierten Sport den Weg in die Gesellschaft zu erleichtern.<\/p>\n<h4>Definition Lernziele (A-Junioren \u2013 E-Junioren)<\/h4>\n<ul>\n<li>Basis der Jugendarbeit und Leitfaden f\u00fcr Jugendtrainer<\/li>\n<li>Altersgerechte Schwerpunkte der Trainingsarbeit<\/li>\n<li>Sportliche \u00dcbungen, soziales Verhalten und Disziplin<\/li>\n<li>Steigerung von Freude und Begeisterung am Sport<\/li>\n<\/ul>\n<h4>Definition Lernziele (F-Junioren und G-Junioren)<\/h4>\n<ul>\n<li>Vermittlung von Freude am Sport und Weitergabe von Grundregeln und Verhaltensweisen <strong>ohne Leistungsdruck<\/strong><\/li>\n<\/ul>\n<h4>Einteilung nach Entwicklung\/Leistung<\/h4>\n<ul>\n<li>Einteilung nach Leistungsverm\u00f6gen ab D-Junioren<\/li>\n<li>Kinder gezielt f\u00f6rdern<\/li>\n<li>Individuelle Schw\u00e4chen angehen<\/li>\n<li>Nicht unter-\/\u00fcberfordern<\/li>\n<\/ul>\n<h4>Trainer\/Betreuer<\/h4>\n<ul>\n<li>mindestens ein Trainer und Betreuer pro Team<\/li>\n<li>Qualifizierte Trainer auch in den unteren Bereichen<\/li>\n<li>Besuch von Lehrg\u00e4ngen und Schulungen<\/li>\n<li>Trainerwechsel im sinnvollen Turnus<\/li>\n<\/ul>\n<h4>Eltern<\/h4>\n<ul>\n<li>Unterst\u00fctzend wirken und definierte Verhaltensregeln akzeptieren<\/li>\n<li>Die Kinder aufmuntern und positiv anfeuern<\/li>\n<li>Die Autorit\u00e4t der Trainer\/Betreuer nicht untergraben<\/li>\n<li>Sich w\u00e4hrend dem Spiel au\u00dferhalb der Umrandung aufhalten<\/li>\n<li>Nicht die Rolle des Trainers\/Betreuers \u00fcbernehmen<\/li>\n<\/ul>\n<h3>Mannschafteinteilung<\/h3>\n<ul>\n<li>A \u2013 D-Junioren jahrgangsunabh\u00e4ngig nach Spielst\u00e4rke<\/li>\n<li>Abstimmung der beteiligten Trainer<\/li>\n<li>E- und F-Junioren nach Jahrgang<\/li>\n<\/ul>\n<h3>Zusammenarbeit mit Seniorenabteilung<\/h3>\n<ul>\n<li>Gemeinsame Trainings- und Spieleinheiten<\/li>\n<li>Enger Austausch zwischen Senioren- und Juniorentrainern<\/li>\n<li>Aufzeigen von Perspektiven<\/li>\n<\/ul>\n<h4>Verhaltensregeln f\u00fcr Trainer\/Betreuer und Spieler<\/h4>\n<ul>\n<li>Respektvoller und kameradschaftlicher Umgang aller untereinander<\/li>\n<li>Einforderung sozialer Grundregeln<\/li>\n<li>Definition und Umsetzung auf Mannschaftsebene<\/li>\n<\/ul>\n<h4>Fehlverhalten<\/h4>\n<ul>\n<li>Eindringliches Einfordern<\/li>\n<li>Strafen Katalog gemeinsam definieren und AkzeptanzJuniorenkonzept FC MainburgKurzfassungZielsetzung<\/li>\n<\/ul>\n<\/div><\/section><\/p><\/div>\n\n","protected":false},"excerpt":{"rendered":"","protected":false},"author":2,"featured_media":0,"parent":36,"menu_order":0,"comment_status":"closed","ping_status":"closed","template":"","meta":{"_mi_skip_tracking":false,"footnotes":""},"class_list":["post-44","page","type-page","status-publish","hentry"],"_links":{"self":[{"href":"https:\/\/fcmainburg.de\/cm\/wp-json\/wp\/v2\/pages\/44","targetHints":{"allow":["GET"]}}],"collection":[{"href":"https:\/\/fcmainburg.de\/cm\/wp-json\/wp\/v2\/pages"}],"about":[{"href":"https:\/\/fcmainburg.de\/cm\/wp-json\/wp\/v2\/types\/page"}],"author":[{"embeddable":true,"href":"https:\/\/fcmainburg.de\/cm\/wp-json\/wp\/v2\/users\/2"}],"replies":[{"embeddable":true,"href":"https:\/\/fcmainburg.de\/cm\/wp-json\/wp\/v2\/comments?post=44"}],"version-history":[{"count":35,"href":"https:\/\/fcmainburg.de\/cm\/wp-json\/wp\/v2\/pages\/44\/revisions"}],"predecessor-version":[{"id":4673,"href":"https:\/\/fcmainburg.de\/cm\/wp-json\/wp\/v2\/pages\/44\/revisions\/4673"}],"up":[{"embeddable":true,"href":"https:\/\/fcmainburg.de\/cm\/wp-json\/wp\/v2\/pages\/36"}],"wp:attachment":[{"href":"https:\/\/fcmainburg.de\/cm\/wp-json\/wp\/v2\/media?parent=44"}],"curies":[{"name":"wp","href":"https:\/\/api.w.org\/{rel}","templated":true}]}}