{"id":618,"date":"2016-02-16T23:05:39","date_gmt":"2016-02-16T22:05:39","guid":{"rendered":"http:\/\/fcmainburg.de\/cm\/?page_id=618"},"modified":"2022-07-14T12:29:15","modified_gmt":"2022-07-14T10:29:15","slug":"fc-kollektion","status":"publish","type":"page","link":"https:\/\/fcmainburg.de\/cm\/fc-kollektion\/","title":{"rendered":"FC Kollektion"},"content":{"rendered":"<div id='layer_slider_1' class='avia-layerslider main_color avia-shadow  container_wrap fullsize'    style='height: 151px;' ><\/div>\n<div style='padding-bottom:10px;' class='av-special-heading av-special-heading-h2  blockquote modern-quote   '><h2 class='av-special-heading-tag '  itemprop=\"headline\"  >FC Kollektion<\/h2><div class='special-heading-border'><div class='special-heading-inner-border' ><\/div><\/div><\/div>\n<div class=\"flex_column av_two_third  flex_column_div first  \" ><section class=\"av_textblock_section \"  itemscope=\"itemscope\" itemtype=\"https:\/\/schema.org\/CreativeWork\" ><div class='avia_textblock  '   itemprop=\"text\" ><p>Seit 2015 gibt es eine eigene FC Mainburg &#8211; Kollektion, welche mit Hilfe des Hauptsponsors, der Fa. Wolf verg\u00fcnsigt angeboten werden kann.<br \/>\nJetzt wurde diese mit den neuesten Modellen von Adidas aktualisiert.<br \/>\nDie einzelnen Teile der FC Mainburg &#8211; Kollektion k\u00f6nnen alle Mitglieder des FCM im Sportgesch\u00e4ft Zettl-Bauer in der Abensberger Stra\u00dfe 46 in Mainburg anprobieren und bestellen. Die Lieferzeit mit Druck betr\u00e4gt ca. 2-3 Wochen.<br \/>\nAlle Oberteile erhalten einen FC Mainburg-Aufdruck sowie das Logo des Hauptsponsors der Fa. Wolf.<\/p>\n<a href=\"https:\/\/fcmainburg.de\/cm\/wp-content\/uploads\/2022\/07\/FCM-Kollektion.pdf\" class=\"pdfemb-viewer\" style=\"\" data-width=\"max\" data-height=\"max\"  data-toolbar=\"bottom\" data-toolbar-fixed=\"off\">FCM-Kollektion<br\/><\/a>\n<\/div><\/section><\/div><div class=\"flex_column av_one_third  flex_column_div av-zero-column-padding   \" style='border-radius:0px; '><\/div><\/p>\n","protected":false},"excerpt":{"rendered":"","protected":false},"author":2,"featured_media":0,"parent":0,"menu_order":0,"comment_status":"closed","ping_status":"closed","template":"","meta":{"_mi_skip_tracking":false,"footnotes":""},"class_list":["post-618","page","type-page","status-publish","hentry"],"_links":{"self":[{"href":"https:\/\/fcmainburg.de\/cm\/wp-json\/wp\/v2\/pages\/618","targetHints":{"allow":["GET"]}}],"collection":[{"href":"https:\/\/fcmainburg.de\/cm\/wp-json\/wp\/v2\/pages"}],"about":[{"href":"https:\/\/fcmainburg.de\/cm\/wp-json\/wp\/v2\/types\/page"}],"author":[{"embeddable":true,"href":"https:\/\/fcmainburg.de\/cm\/wp-json\/wp\/v2\/users\/2"}],"replies":[{"embeddable":true,"href":"https:\/\/fcmainburg.de\/cm\/wp-json\/wp\/v2\/comments?post=618"}],"version-history":[{"count":30,"href":"https:\/\/fcmainburg.de\/cm\/wp-json\/wp\/v2\/pages\/618\/revisions"}],"predecessor-version":[{"id":3689,"href":"https:\/\/fcmainburg.de\/cm\/wp-json\/wp\/v2\/pages\/618\/revisions\/3689"}],"wp:attachment":[{"href":"https:\/\/fcmainburg.de\/cm\/wp-json\/wp\/v2\/media?parent=618"}],"curies":[{"name":"wp","href":"https:\/\/api.w.org\/{rel}","templated":true}]}}